{"id":51,"date":"2020-09-28T00:41:04","date_gmt":"2020-09-28T00:41:04","guid":{"rendered":"http:\/\/nekocatnip.com\/?post_type=product&#038;p=51"},"modified":"2023-09-01T17:09:45","modified_gmt":"2023-09-01T17:09:45","slug":"catnip-1-oz","status":"publish","type":"product","link":"https:\/\/nekocatnip.com\/index.php\/producto\/catnip-1-oz\/","title":{"rendered":"Hierba gatera catnip"},"content":{"rendered":"<p style=\"font-weight: 400;\">El Catnip es una planta que sirve para relajar, estimular el juego y entrenar a los gatitos. Se puede\u00a0 usar en rascadores, camas y juguetes. Los efectos del Catnip en tu peludo son los siguientes:<\/p>\n<ul>\n<li style=\"font-weight: 400;\">Ronroneos<\/li>\n<li style=\"font-weight: 400;\">movimientos extra\u00f1os como saltos, correr y cazar animalitos imaginarios<\/li>\n<li style=\"font-weight: 400;\">Revolcarse o frotarse sobre la hierba<\/li>\n<li style=\"font-weight: 400;\">Lamer, inhalar o comer la hierba<\/li>\n<li style=\"font-weight: 400;\">Soniditos o llanto de felicidad<\/li>\n<\/ul>\n","protected":false},"excerpt":{"rendered":"<p>Presentaci\u00f3n personal de 1 onza equivalente a 28 gramos. El efecto del catnip es de 10 minutos, no es t\u00f3xica, es un producto org\u00e1nico y colombiano.<\/p>\n","protected":false},"featured_media":2921,"comment_status":"open","ping_status":"closed","template":"","meta":{"om_disable_all_campaigns":false,"_monsterinsights_skip_tracking":false,"_monsterinsights_sitenote_active":false,"_monsterinsights_sitenote_note":"","_monsterinsights_sitenote_category":0},"product_brand":[],"product_cat":[18],"product_tag":[19],"class_list":{"0":"post-51","1":"product","2":"type-product","3":"status-publish","4":"has-post-thumbnail","6":"product_cat-catnip","7":"product_tag-catnip","9":"first","10":"instock","11":"featured","12":"shipping-taxable","13":"purchasable","14":"product-type-simple"},"aioseo_notices":[],"_links":{"self":[{"href":"https:\/\/nekocatnip.com\/index.php\/wp-json\/wp\/v2\/product\/51","targetHints":{"allow":["GET"]}}],"collection":[{"href":"https:\/\/nekocatnip.com\/index.php\/wp-json\/wp\/v2\/product"}],"about":[{"href":"https:\/\/nekocatnip.com\/index.php\/wp-json\/wp\/v2\/types\/product"}],"replies":[{"embeddable":true,"href":"https:\/\/nekocatnip.com\/index.php\/wp-json\/wp\/v2\/comments?post=51"}],"wp:featuredmedia":[{"embeddable":true,"href":"https:\/\/nekocatnip.com\/index.php\/wp-json\/wp\/v2\/media\/2921"}],"wp:attachment":[{"href":"https:\/\/nekocatnip.com\/index.php\/wp-json\/wp\/v2\/media?parent=51"}],"wp:term":[{"taxonomy":"product_brand","embeddable":true,"href":"https:\/\/nekocatnip.com\/index.php\/wp-json\/wp\/v2\/product_brand?post=51"},{"taxonomy":"product_cat","embeddable":true,"href":"https:\/\/nekocatnip.com\/index.php\/wp-json\/wp\/v2\/product_cat?post=51"},{"taxonomy":"product_tag","embeddable":true,"href":"https:\/\/nekocatnip.com\/index.php\/wp-json\/wp\/v2\/product_tag?post=51"}],"curies":[{"name":"wp","href":"https:\/\/api.w.org\/{rel}","templated":true}]}}