{"id":58,"date":"2020-09-28T00:10:35","date_gmt":"2020-09-28T00:10:35","guid":{"rendered":"http:\/\/nekocatnip.com\/index.php\/producto\/import-placeholder-for-48\/"},"modified":"2023-05-31T19:30:23","modified_gmt":"2023-05-31T19:30:23","slug":"beanie","status":"publish","type":"product","link":"https:\/\/nekocatnip.com\/index.php\/producto\/beanie\/","title":{"rendered":"Rat\u00f3n de catnip"},"content":{"rendered":"<p>Rat\u00f3n relleno de Catnip ideal para que tu gatito se divierta en casa.<\/p>\n<p style=\"font-weight: 400;\"><strong>El Catnip<\/strong> es una planta conocida como menta para gatos, es usada para relajar, estimular el juego y entrenar a los gatitos. Se puede\u00a0 usar en rascadores, camas y juguetes. Los efectos del Catnip en los gatos son variados:<\/p>\n<ul>\n<li style=\"list-style-type: none;\">\n<ul>\n<li style=\"font-weight: 400;\">Ronroneos.<\/li>\n<li style=\"font-weight: 400;\">movimientos extra\u00f1os como saltos, correr y cazar animalitos imaginarios.<\/li>\n<li style=\"font-weight: 400;\">Revolcarse o frotarse sobre la hierba.<\/li>\n<li style=\"font-weight: 400;\">Lamer, inhalar o comer la hierba.<\/li>\n<li style=\"font-weight: 400;\">Soniditos o llanto de felicidad.<\/li>\n<\/ul>\n<\/li>\n<\/ul>\n","protected":false},"excerpt":{"rendered":"<p>El juguete que tu gatito amar\u00e1, est\u00e1 rellenito de Catnip, es liviano y ideal para frotarse, lamer y cargar a cualquier rinc\u00f3n de la casa.<\/p>\n","protected":false},"featured_media":1602,"comment_status":"open","ping_status":"closed","template":"","meta":{"om_disable_all_campaigns":false,"_monsterinsights_skip_tracking":false,"_monsterinsights_sitenote_active":false,"_monsterinsights_sitenote_note":"","_monsterinsights_sitenote_category":0},"product_brand":[],"product_cat":[35],"product_tag":[],"class_list":{"0":"post-58","1":"product","2":"type-product","3":"status-publish","4":"has-post-thumbnail","6":"product_cat-juguetes","8":"first","9":"instock","10":"shipping-taxable","11":"purchasable","12":"product-type-simple"},"aioseo_notices":[],"_links":{"self":[{"href":"https:\/\/nekocatnip.com\/index.php\/wp-json\/wp\/v2\/product\/58","targetHints":{"allow":["GET"]}}],"collection":[{"href":"https:\/\/nekocatnip.com\/index.php\/wp-json\/wp\/v2\/product"}],"about":[{"href":"https:\/\/nekocatnip.com\/index.php\/wp-json\/wp\/v2\/types\/product"}],"replies":[{"embeddable":true,"href":"https:\/\/nekocatnip.com\/index.php\/wp-json\/wp\/v2\/comments?post=58"}],"wp:featuredmedia":[{"embeddable":true,"href":"https:\/\/nekocatnip.com\/index.php\/wp-json\/wp\/v2\/media\/1602"}],"wp:attachment":[{"href":"https:\/\/nekocatnip.com\/index.php\/wp-json\/wp\/v2\/media?parent=58"}],"wp:term":[{"taxonomy":"product_brand","embeddable":true,"href":"https:\/\/nekocatnip.com\/index.php\/wp-json\/wp\/v2\/product_brand?post=58"},{"taxonomy":"product_cat","embeddable":true,"href":"https:\/\/nekocatnip.com\/index.php\/wp-json\/wp\/v2\/product_cat?post=58"},{"taxonomy":"product_tag","embeddable":true,"href":"https:\/\/nekocatnip.com\/index.php\/wp-json\/wp\/v2\/product_tag?post=58"}],"curies":[{"name":"wp","href":"https:\/\/api.w.org\/{rel}","templated":true}]}}