{"id":61,"date":"2020-09-28T00:10:36","date_gmt":"2020-09-28T00:10:36","guid":{"rendered":"http:\/\/nekocatnip.com\/index.php\/producto\/import-placeholder-for-62\/"},"modified":"2023-05-07T21:11:20","modified_gmt":"2023-05-07T21:11:20","slug":"sunglasses","status":"publish","type":"product","link":"https:\/\/nekocatnip.com\/index.php\/producto\/sunglasses\/","title":{"rendered":"Pasto Gatuno"},"content":{"rendered":"<p style=\"font-weight: 400;\">Pasto gatuno, es un\u00a0suplemento alimenticio para tu gatito, aporta grandes beneficios como:<\/p>\n<ul>\n<li style=\"list-style-type: none;\">\n<ul>\n<li style=\"list-style-type: none;\">\n<ul>\n<li style=\"font-weight: 400;\">Ayuda al sistema digestivo, ya que tiene propiedades laxantes (limpia el estomago).<\/li>\n<li style=\"font-weight: 400;\">Aporta nutrientes como vitaminas y fibra.<\/li>\n<li style=\"font-weight: 400;\">Ayuda a eliminar toxinas.<\/li>\n<li style=\"font-weight: 400;\">Sirve como purgante natural.<\/li>\n<li style=\"font-weight: 400;\">Ayuda a expulsar las bolas de pelo.<\/li>\n<\/ul>\n<\/li>\n<\/ul>\n<\/li>\n<\/ul>\n","protected":false},"excerpt":{"rendered":"<p>Kit pasto gatuno para sembrar, \u00a0id\u00f3neo para fortalecer el sistema digestivo y inmunol\u00f3gico ya que aporta vitaminas B, C, E, calcio y minerales necesarios para el buen funcionamiento del sistema digestivo y la absorci\u00f3n de nutrientes. Tambi\u00e9n lo pueden consumir perros, conejos y h\u00e1mster.<\/p>\n<p>Consta de:<\/p>\n<ul>\n<li>1 matera de 12 cm x 6 cm. (color negro)<\/li>\n<li>1 Bolsa de tierra abonada.<\/li>\n<li>1 Paquete de semillas de 30 gramos.<\/li>\n<\/ul>\n<p>&nbsp;<\/p>\n","protected":false},"featured_media":1595,"comment_status":"open","ping_status":"closed","template":"","meta":{"om_disable_all_campaigns":false,"_monsterinsights_skip_tracking":false,"_monsterinsights_sitenote_active":false,"_monsterinsights_sitenote_note":"","_monsterinsights_sitenote_category":0},"product_brand":[],"product_cat":[16],"product_tag":[17,77],"class_list":{"0":"post-61","1":"product","2":"type-product","3":"status-publish","4":"has-post-thumbnail","6":"product_cat-pasto-gatuno","7":"product_tag-pasto-gatuno","8":"product_tag-semillas","10":"first","11":"instock","12":"featured","13":"shipping-taxable","14":"purchasable","15":"product-type-simple"},"aioseo_notices":[],"_links":{"self":[{"href":"https:\/\/nekocatnip.com\/index.php\/wp-json\/wp\/v2\/product\/61","targetHints":{"allow":["GET"]}}],"collection":[{"href":"https:\/\/nekocatnip.com\/index.php\/wp-json\/wp\/v2\/product"}],"about":[{"href":"https:\/\/nekocatnip.com\/index.php\/wp-json\/wp\/v2\/types\/product"}],"replies":[{"embeddable":true,"href":"https:\/\/nekocatnip.com\/index.php\/wp-json\/wp\/v2\/comments?post=61"}],"wp:featuredmedia":[{"embeddable":true,"href":"https:\/\/nekocatnip.com\/index.php\/wp-json\/wp\/v2\/media\/1595"}],"wp:attachment":[{"href":"https:\/\/nekocatnip.com\/index.php\/wp-json\/wp\/v2\/media?parent=61"}],"wp:term":[{"taxonomy":"product_brand","embeddable":true,"href":"https:\/\/nekocatnip.com\/index.php\/wp-json\/wp\/v2\/product_brand?post=61"},{"taxonomy":"product_cat","embeddable":true,"href":"https:\/\/nekocatnip.com\/index.php\/wp-json\/wp\/v2\/product_cat?post=61"},{"taxonomy":"product_tag","embeddable":true,"href":"https:\/\/nekocatnip.com\/index.php\/wp-json\/wp\/v2\/product_tag?post=61"}],"curies":[{"name":"wp","href":"https:\/\/api.w.org\/{rel}","templated":true}]}}