{"id":635,"date":"2021-08-08T22:32:08","date_gmt":"2021-08-08T22:32:08","guid":{"rendered":"https:\/\/nekocatnip.com\/?post_type=product&#038;p=635"},"modified":"2023-07-24T00:18:53","modified_gmt":"2023-07-24T00:18:53","slug":"pelota-raton-con-pluma","status":"publish","type":"product","link":"https:\/\/nekocatnip.com\/index.php\/producto\/pelota-raton-con-pluma\/","title":{"rendered":"Pelota rat\u00f3n con plumas"},"content":{"rendered":"<p>Juguete interactivo pelota rat\u00f3n con plumas es un juguete para gatos, no t\u00f3xico, ligero y resistente. Perfecto para distraer a tu gato por horas.<\/p>\n","protected":false},"excerpt":{"rendered":"<p>Juguete interactivo para gatit@s, ideal para\u00a0 morder, buscar y jugar. Consta de una pelota que emite un sonido como crujido en el interior,\u00a0 en la parte superior contiene un rat\u00f3n peque\u00f1o con plumas.<\/p>\n","protected":false},"featured_media":2929,"comment_status":"open","ping_status":"closed","template":"","meta":{"om_disable_all_campaigns":false,"_monsterinsights_skip_tracking":false,"_monsterinsights_sitenote_active":false,"_monsterinsights_sitenote_note":"","_monsterinsights_sitenote_category":0},"product_brand":[],"product_cat":[35],"product_tag":[],"class_list":{"0":"post-635","1":"product","2":"type-product","3":"status-publish","4":"has-post-thumbnail","6":"product_cat-juguetes","8":"first","9":"instock","10":"shipping-taxable","11":"purchasable","12":"product-type-simple"},"aioseo_notices":[],"_links":{"self":[{"href":"https:\/\/nekocatnip.com\/index.php\/wp-json\/wp\/v2\/product\/635","targetHints":{"allow":["GET"]}}],"collection":[{"href":"https:\/\/nekocatnip.com\/index.php\/wp-json\/wp\/v2\/product"}],"about":[{"href":"https:\/\/nekocatnip.com\/index.php\/wp-json\/wp\/v2\/types\/product"}],"replies":[{"embeddable":true,"href":"https:\/\/nekocatnip.com\/index.php\/wp-json\/wp\/v2\/comments?post=635"}],"wp:featuredmedia":[{"embeddable":true,"href":"https:\/\/nekocatnip.com\/index.php\/wp-json\/wp\/v2\/media\/2929"}],"wp:attachment":[{"href":"https:\/\/nekocatnip.com\/index.php\/wp-json\/wp\/v2\/media?parent=635"}],"wp:term":[{"taxonomy":"product_brand","embeddable":true,"href":"https:\/\/nekocatnip.com\/index.php\/wp-json\/wp\/v2\/product_brand?post=635"},{"taxonomy":"product_cat","embeddable":true,"href":"https:\/\/nekocatnip.com\/index.php\/wp-json\/wp\/v2\/product_cat?post=635"},{"taxonomy":"product_tag","embeddable":true,"href":"https:\/\/nekocatnip.com\/index.php\/wp-json\/wp\/v2\/product_tag?post=635"}],"curies":[{"name":"wp","href":"https:\/\/api.w.org\/{rel}","templated":true}]}}