{"id":671,"date":"2021-08-14T19:00:28","date_gmt":"2021-08-14T19:00:28","guid":{"rendered":"https:\/\/nekocatnip.com\/?post_type=product&#038;p=671"},"modified":"2023-07-24T00:16:59","modified_gmt":"2023-07-24T00:16:59","slug":"raton-x-3","status":"publish","type":"product","link":"https:\/\/nekocatnip.com\/index.php\/producto\/raton-x-3\/","title":{"rendered":"Rat\u00f3n con pito para mascotas"},"content":{"rendered":"<p>Rat\u00f3n de color por 3 unidades, se env\u00eda color surtido (al azar).<\/p>\n<p>&nbsp;<\/p>\n","protected":false},"excerpt":{"rendered":"<p>Ratones de colores que producen sonido (pito). atrayendo la atenci\u00f3n de tu gato y despertando la curiosidad.<\/p>\n","protected":false},"featured_media":2927,"comment_status":"open","ping_status":"closed","template":"","meta":{"om_disable_all_campaigns":false,"_monsterinsights_skip_tracking":false,"_monsterinsights_sitenote_active":false,"_monsterinsights_sitenote_note":"","_monsterinsights_sitenote_category":0},"product_brand":[],"product_cat":[35],"product_tag":[],"class_list":{"0":"post-671","1":"product","2":"type-product","3":"status-publish","4":"has-post-thumbnail","6":"product_cat-juguetes","8":"first","9":"instock","10":"shipping-taxable","11":"purchasable","12":"product-type-simple"},"aioseo_notices":[],"_links":{"self":[{"href":"https:\/\/nekocatnip.com\/index.php\/wp-json\/wp\/v2\/product\/671","targetHints":{"allow":["GET"]}}],"collection":[{"href":"https:\/\/nekocatnip.com\/index.php\/wp-json\/wp\/v2\/product"}],"about":[{"href":"https:\/\/nekocatnip.com\/index.php\/wp-json\/wp\/v2\/types\/product"}],"replies":[{"embeddable":true,"href":"https:\/\/nekocatnip.com\/index.php\/wp-json\/wp\/v2\/comments?post=671"}],"wp:featuredmedia":[{"embeddable":true,"href":"https:\/\/nekocatnip.com\/index.php\/wp-json\/wp\/v2\/media\/2927"}],"wp:attachment":[{"href":"https:\/\/nekocatnip.com\/index.php\/wp-json\/wp\/v2\/media?parent=671"}],"wp:term":[{"taxonomy":"product_brand","embeddable":true,"href":"https:\/\/nekocatnip.com\/index.php\/wp-json\/wp\/v2\/product_brand?post=671"},{"taxonomy":"product_cat","embeddable":true,"href":"https:\/\/nekocatnip.com\/index.php\/wp-json\/wp\/v2\/product_cat?post=671"},{"taxonomy":"product_tag","embeddable":true,"href":"https:\/\/nekocatnip.com\/index.php\/wp-json\/wp\/v2\/product_tag?post=671"}],"curies":[{"name":"wp","href":"https:\/\/api.w.org\/{rel}","templated":true}]}}