{"id":999,"date":"2022-01-16T23:50:01","date_gmt":"2022-01-16T23:50:01","guid":{"rendered":"https:\/\/nekocatnip.com\/?post_type=product&#038;p=999"},"modified":"2026-04-19T09:21:36","modified_gmt":"2026-04-19T09:21:36","slug":"pajaro-con-catnip","status":"publish","type":"product","link":"https:\/\/nekocatnip.com\/index.php\/producto\/pajaro-con-catnip\/","title":{"rendered":"P\u00e1jaro con catnip"},"content":{"rendered":"<p>P\u00e1jaro con plumas relleno de catnip ideal para estimular el juego, es anti estr\u00e9s gracias al efecto de la hierba gatera, que provoca un efecto de felicidad y relajaci\u00f3n en los gatos.<\/p>\n","protected":false},"excerpt":{"rendered":"<p>Juguete relleno de catnip para gatos, ideal para lamer, jugar y morder.<\/p>\n<p>Material y relleno: lency, algod\u00f3n, catnip y plumas.<\/p>\n<ul>\n<li>Medidas: 10 cm x 8 cm<\/li>\n<li>Pluma: 5 cm<\/li>\n<\/ul>\n<p>&nbsp;<\/p>\n","protected":false},"featured_media":1000,"comment_status":"open","ping_status":"closed","template":"","meta":{"om_disable_all_campaigns":false,"_monsterinsights_skip_tracking":false,"_monsterinsights_sitenote_active":false,"_monsterinsights_sitenote_note":"","_monsterinsights_sitenote_category":0},"product_brand":[],"product_cat":[35],"product_tag":[19,125,107,124],"class_list":{"0":"post-999","1":"product","2":"type-product","3":"status-publish","4":"has-post-thumbnail","6":"product_cat-juguetes","7":"product_tag-catnip","8":"product_tag-hierba-gatera","9":"product_tag-juguetes-para-gatos","10":"product_tag-juguetes-rellenos-de-catnip","12":"first","13":"instock","14":"featured","15":"shipping-taxable","16":"purchasable","17":"product-type-simple"},"aioseo_notices":[],"_links":{"self":[{"href":"https:\/\/nekocatnip.com\/index.php\/wp-json\/wp\/v2\/product\/999","targetHints":{"allow":["GET"]}}],"collection":[{"href":"https:\/\/nekocatnip.com\/index.php\/wp-json\/wp\/v2\/product"}],"about":[{"href":"https:\/\/nekocatnip.com\/index.php\/wp-json\/wp\/v2\/types\/product"}],"replies":[{"embeddable":true,"href":"https:\/\/nekocatnip.com\/index.php\/wp-json\/wp\/v2\/comments?post=999"}],"wp:featuredmedia":[{"embeddable":true,"href":"https:\/\/nekocatnip.com\/index.php\/wp-json\/wp\/v2\/media\/1000"}],"wp:attachment":[{"href":"https:\/\/nekocatnip.com\/index.php\/wp-json\/wp\/v2\/media?parent=999"}],"wp:term":[{"taxonomy":"product_brand","embeddable":true,"href":"https:\/\/nekocatnip.com\/index.php\/wp-json\/wp\/v2\/product_brand?post=999"},{"taxonomy":"product_cat","embeddable":true,"href":"https:\/\/nekocatnip.com\/index.php\/wp-json\/wp\/v2\/product_cat?post=999"},{"taxonomy":"product_tag","embeddable":true,"href":"https:\/\/nekocatnip.com\/index.php\/wp-json\/wp\/v2\/product_tag?post=999"}],"curies":[{"name":"wp","href":"https:\/\/api.w.org\/{rel}","templated":true}]}}